{"id":264,"date":"2023-05-23T19:33:07","date_gmt":"2023-05-23T19:33:07","guid":{"rendered":"https:\/\/fahadghaffarpr.com\/privacy-policy\/"},"modified":"2023-06-30T18:54:58","modified_gmt":"2023-06-30T18:54:58","slug":"politica-de-privacidad","status":"publish","type":"page","link":"https:\/\/fahadghaffarpr.com\/es\/politica-de-privacidad\/","title":{"rendered":"Pol\u00edtica de Privacidad"},"content":{"rendered":"\n<div style=\"height:100px\" aria-hidden=\"true\" class=\"wp-block-spacer\"><\/div>\n\n\n\n<p>\u00daltima actualizaci\u00f3n: 25 de mayo de 2023<\/p>\n\n\n\n<p>Esta Pol\u00edtica de Privacidad detalla la informaci\u00f3n del usuario y las pr\u00e1cticas de retenci\u00f3n de datos de <strong>Fahad Ghaffar<\/strong> (el \u00abOperador\u00bb, \u00abnosotros\u00bb, \u00abnos\u00bb) en relaci\u00f3n con <strong>fahadghaffarpr.com y fahadpr.com<\/strong> (\u00abSitio Web\u00bb). Asimismo, esta Pol\u00edtica est\u00e1 sujeta y debe leerse junto con los T\u00e9rminos de Servicio del Operador (\u00abT\u00e9rminos\u00bb), los cuales son vinculantes para todos los usuarios del Sitio Web.<\/p>\n\n\n\n<p>Recopilamos cierta informaci\u00f3n no personal que puede ser utilizada para proporcionarle a usted (\u00abusted\u00bb o \u00abUsuario\u00bb) contenido, informaci\u00f3n del sector y anuncios a trav\u00e9s del Sitio Web (el \u00abServicio\u00bb). Esta Pol\u00edtica de Privacidad explica la informaci\u00f3n que recopilamos sobre usted, c\u00f3mo la utilizamos, algunas de las medidas de seguridad adoptadas para proteger la informaci\u00f3n y las opciones que tiene para revisar, modificar y restringir el uso que hacemos de esta informaci\u00f3n.<\/p>\n\n\n\n<p>Al utilizar el Sitio Web, usted acepta y se compromete a cumplir las condiciones establecidas en la presente Pol\u00edtica de Privacidad. El Operador se reserva el derecho, a su entera discreci\u00f3n, de modificar esta Pol\u00edtica de Privacidad seg\u00fan lo consideremos necesario o conveniente. Si realizamos alg\u00fan cambio sustancial, se lo notificaremos publicando un aviso del cambio en este Sitio Web. Todos los cambios de esta Pol\u00edtica de Privacidad entrar\u00e1n en vigor una vez que publiquemos un aviso en nuestro Sitio Web. No obstante, es posible que estos cambios no se apliquen a ninguna transacci\u00f3n realizada antes de la fecha de entrada en vigor de dichos cambios, que aparecer\u00e1 en la parte superior de esta p\u00e1gina. Los cambios entrar\u00e1n en vigor inmediatamente para los nuevos usuarios de nuestro Sitio Web y para cualquier transacci\u00f3n que realicen. Por lo tanto, le sugerimos que lea este importante aviso que contiene nuestra Pol\u00edtica de Privacidad de vez en cuando para mantenerse informado de dichos cambios. Tenga en cuenta que si sigue utilizando el Sitio Web despu\u00e9s de haber recibido la notificaci\u00f3n de cualquier cambio, aunque sea consciente de ello, acepta y est\u00e1 de acuerdo con los cambios. Si considera inaceptables esta Pol\u00edtica de Privacidad y los T\u00e9rminos, por favor deje de utilizar el Sitio Web inmediatamente.&nbsp;<\/p>\n\n\n\n<p>En esta Pol\u00edtica de Privacidad, la palabra \u00abUso\u00bb implica acceder, utilizar o visitar el Sitio Web o cualquiera de sus componentes, sitios web y p\u00e1ginas, haciendo uso de cualquier foro p\u00fablico relacionado con nosotros y nuestro Sitio Web.<\/p>\n\n\n\n<p><strong>SECCI\u00d3N 1 \u2013 INFORMACI\u00d3N PERSONAL<\/strong><\/p>\n\n\n\n<p>No recopilamos ni almacenamos ninguna informaci\u00f3n personal cuando usted utiliza el Sitio Web. Por informaci\u00f3n personal se entender\u00e1 el nombre, los apellidos, la direcci\u00f3n de correo electr\u00f3nico, los datos del seguro social, fecha de nacimiento, g\u00e9nero, direcci\u00f3n, c\u00f3digo postal, licencia de conducir, voz y cualquier otra informaci\u00f3n que pueda identificar f\u00edsica o digitalmente a una persona.&nbsp;<\/p>\n\n\n\n<p><strong>SECCI\u00d3N 2 \u2013 <\/strong><strong>POL\u00cdTICA DE COOKIES<\/strong><\/p>\n\n\n\n<p>Cuando usted visita el Sitio Web, el Operador puede enviar una cookie o un archivo gif (\u00abCookie\u00bb) para asignar un identificador \u00fanico y an\u00f3nimo a su navegador de Internet y a su ordenador. Una Cookie es una cadena corta de datos que permite a nuestro Sitio Web recordar qui\u00e9n es usted, sirviendo de forma parecida a un identificador \u00fanico de miembro. El Operador utiliza Cookies para recordar claves de referencia de algunas de sus preferencias en el Sitio Web, de modo que podamos ofrecerle una experiencia m\u00e1s c\u00f3moda en su pr\u00f3xima visita. Las cookies se almacenan en su disco duro y contienen informaci\u00f3n no personal sobre usted. Puede eliminar o bloquear las cookies de su navegador, pero esto puede afectar a la calidad y el rendimiento del Sitio Web. Para desactivar y rechazar todas las Cookies, siga las instrucciones asociadas a su navegador. Nos reservamos el derecho a conservar los datos de las Cookies indefinidamente.<\/p>\n\n\n\n<p><strong>SECCI\u00d3N 3 \u2013 <\/strong><strong>SE\u00d1ALES \u00abDO NOT TRACK\u201d<\/strong><\/p>\n\n\n\n<p>El Operador puede recopilar informaci\u00f3n de su comportamiento en l\u00ednea mediante el uso de tecnolog\u00eda para aumentar la eficacia de los anuncios o contenidos proporcionados en el Sitio Web. Entre los ejemplos de comportamiento en l\u00ednea que pueden recopilarse se incluyen, entre otros, la respuesta a promociones o anuncios de usuarios, los sitios web visitados y los contenidos a los que se ha accedido.<\/p>\n\n\n\n<p>Actualmente, algunos navegadores ofrecen a sus usuarios la posibilidad de seleccionar la opci\u00f3n \u00abDo Not Track\u00bb en sus preferencias. Estos navegadores, a su vez, transmiten se\u00f1ales a los sitios web con los que se comunica el navegador. En la medida en que no existe uniformidad en la industria respecto al uso de este tipo de tecnolog\u00eda, por el momento no asignaremos valor ni significado a las se\u00f1ales de \u00abDo Not Track\u00bb y no responderemos a ellas.&nbsp;<\/p>\n\n\n\n<p><strong>SECCI\u00d3N 4 \u2013 SERVICIOS DE TERCERAS PARTES<\/strong><\/p>\n\n\n\n<p>En general, los terceros que proveen servicios utilizados por nosotros solo recopilaran, usar\u00e1n y divulgar\u00e1n su informaci\u00f3n en la medida que sea necesaria para que les permita desempe\u00f1ar los servicios que nos proveen.<\/p>\n\n\n\n<p>Para estos proveedores, le recomendamos que lea las pol\u00edticas de privacidad para que pueda entender la manera en que su informaci\u00f3n ser\u00e1 manejada.<\/p>\n\n\n\n<p>En particular, recuerda que algunos proveedores pueden estar ubicados o contar con instalaciones que se encuentran en una jurisdicci\u00f3n diferente a usted o nosotros.&nbsp; En ese caso si desea proceder con una transacci\u00f3n que involucra los servicios de un proveedor a terceros, su informaci\u00f3n puede estar sujeta a las leyes de la jurisdicci\u00f3n (jurisdicciones) en que se encuentra el proveedor de servicios o sus instalaciones.<\/p>\n\n\n\n<p>Una vez que abandonas el Sitio Web de nuestra p\u00e1gina o se redirige a un sitio o aplicaci\u00f3n de terceros, ya no est\u00e1 siendo regulado por la presente Pol\u00edtica de Privacidad o los T\u00e9rminos de Servicio de nuestra p\u00e1gina web.<\/p>\n\n\n\n<p><strong>ENLACES<\/strong><\/p>\n\n\n\n<p>Cuando hace clic en enlaces de nuestro Sitio Web, puede que sea redirigido fuera del mismo. No somos responsables por las pr\u00e1cticas de privacidad de otros sitios y le recomendamos leer sus normas de privacidad.<\/p>\n\n\n\n<p><strong>SECCI\u00d3N 5 \u2013 SEGURIDAD<\/strong><\/p>\n\n\n\n<p>Para proteger su informaci\u00f3n personal, tomamos precauciones razonables y seguimos las mejores pr\u00e1cticas de la industria para asegurarnos de que no haya p\u00e9rdida de manera inapropiada, mal uso, acceso, divulgaci\u00f3n, alteraci\u00f3n o destrucci\u00f3n de la misma.<\/p>\n\n\n\n<p><strong>SECCI\u00d3N 6 \u2013 <\/strong><em>CHILDREN\u2019S ONLINE PRIVACY PROTECTION ACT<\/em><strong>&nbsp;<\/strong><\/p>\n\n\n\n<p>El Operador no solicita datos ni comercializa con ni\u00f1os menores de trece (13) a\u00f1os. Si un padre o tutor tiene conocimiento de que su hijo ha proporcionado informaci\u00f3n sin su consentimiento, debe ponerse en contacto con nosotros y dicha informaci\u00f3n se eliminar\u00e1 de nuestros archivos en un plazo razonable.&nbsp;<\/p>\n\n\n\n<p><strong>SECCI\u00d3N 7 \u2013 CAMBIOS A ESTA POL\u00cdTICA DE PRIVACIDAD<\/strong><\/p>\n\n\n\n<p>Nos reservamos el derecho de modificar esta Pol\u00edtica de Privacidad en cualquier momento, por lo cual debe revisar la misma con frecuencia. Los cambios y aclaraciones entrar\u00e1n en vigor inmediatamente despu\u00e9s de su publicaci\u00f3n en el Sitio Web.&nbsp; Notificaremos aqu\u00ed si ha sido actualizada, por lo que cual est\u00e1s enterado de qu\u00e9 informaci\u00f3n recopilamos, c\u00f3mo y bajo qu\u00e9 circunstancias, si las hubiere, la utilizamos y\/o divulgamos.<\/p>\n\n\n\n<p>Si nuestro Sitio Web es adquirido o fusionado con otra empresa, su informaci\u00f3n puede ser transferida a los nuevos propietarios, para que podamos seguir vendi\u00e9ndole servicios.<\/p>\n\n\n\n<p><strong>SECCI\u00d3N 8 &#8211; ALMACENAMIENTO&nbsp;<\/strong><\/p>\n\n\n\n<p>El Operador s\u00f3lo almacena la informaci\u00f3n especificada en esta Pol\u00edtica de Privacidad.&nbsp; El Operador no almacena m\u00e1s informaci\u00f3n que la necesaria para sus fines de mercadeo y personalizaci\u00f3n de contenido. &nbsp;<\/p>\n\n\n\n<p><strong>SECCI\u00d3N 9 &#8211; SU CONSENTIMIENTO&nbsp;<\/strong><\/p>\n\n\n\n<p>Al utilizar el Sitio Web, usted consiente al procesamiento de su informaci\u00f3n por parte del Operador tal y como se establece en esta Pol\u00edtica de Privacidad, y seg\u00fan sea modificada por nosotros de tiempo en tiempo. \u00abProcesamiento\u00bb significa el uso de cookies en un ordenador\/dispositivo port\u00e1til o el uso o tratamiento de la informaci\u00f3n de cualquier manera, incluyendo, pero no limitado a, la recopilaci\u00f3n, almacenamiento, eliminaci\u00f3n, uso, combinaci\u00f3n y divulgaci\u00f3n de informaci\u00f3n, todas las actividades que se llevar\u00e1n a cabo en los Estados Unidos y\/o el Estado Libre Asociado de Puerto Rico. Si usted reside fuera de los Estados Unidos, su informaci\u00f3n ser\u00e1 transferida, procesada y almacenada bajo cualquier norma de privacidad aplicable en los Estados Unidos, a menos que la ley aplicable especifique lo contrario.<\/p>\n\n\n\n<p><strong>PREGUNTAS E INFORMACI\u00d3N DE CONTACTO<\/strong><\/p>\n\n\n\n<p>Si desea: acceder, corregir, enmendar o borrar cualquier informaci\u00f3n que poseemos sobre usted, registrar una queja, o simplemente desea m\u00e1s informaci\u00f3n contacta a nuestro Oficial de Cumplimiento de Privacidad <strong><a href=\"mailto:info@fgcharitypr.com\" target=\"_blank\" rel=\"noreferrer noopener\">info@fgcharitypr.com<\/a><\/strong>.<\/p>\n\n\n\n<div style=\"height:100px\" aria-hidden=\"true\" class=\"wp-block-spacer\"><\/div>\n","protected":false},"excerpt":{"rendered":"<p>\u00daltima actualizaci\u00f3n: 25 de mayo de 2023 Esta Pol\u00edtica de [&hellip;]<\/p>\n","protected":false},"author":1,"featured_media":0,"parent":0,"menu_order":0,"comment_status":"closed","ping_status":"closed","template":"","meta":{"footnotes":""},"class_list":["post-264","page","type-page","status-publish","hentry"],"yoast_head":"<!-- This site is optimized with the Yoast SEO plugin v20.10 - https:\/\/yoast.com\/wordpress\/plugins\/seo\/ -->\n<title>Pol\u00edtica de Privacidad - Fahad Ghaffar<\/title>\n<meta name=\"robots\" content=\"index, follow, max-snippet:-1, max-image-preview:large, max-video-preview:-1\" \/>\n<link rel=\"canonical\" href=\"https:\/\/fahadghaffarpr.com\/es\/politica-de-privacidad\/\" \/>\n<meta property=\"og:locale\" content=\"es_ES\" \/>\n<meta property=\"og:type\" content=\"article\" \/>\n<meta property=\"og:title\" content=\"Pol\u00edtica de Privacidad - Fahad Ghaffar\" \/>\n<meta property=\"og:description\" content=\"\u00daltima actualizaci\u00f3n: 25 de mayo de 2023 Esta Pol\u00edtica de [&hellip;]\" \/>\n<meta property=\"og:url\" content=\"https:\/\/fahadghaffarpr.com\/es\/politica-de-privacidad\/\" \/>\n<meta property=\"og:site_name\" content=\"Fahad Ghaffar\" \/>\n<meta property=\"article:modified_time\" content=\"2023-06-30T18:54:58+00:00\" \/>\n<meta name=\"twitter:card\" content=\"summary_large_image\" \/>\n<meta name=\"twitter:label1\" content=\"Tiempo de lectura\" \/>\n\t<meta name=\"twitter:data1\" content=\"6 minutos\" \/>\n<script type=\"application\/ld+json\" class=\"yoast-schema-graph\">{\"@context\":\"https:\/\/schema.org\",\"@graph\":[{\"@type\":\"WebPage\",\"@id\":\"https:\/\/fahadghaffarpr.com\/es\/politica-de-privacidad\/\",\"url\":\"https:\/\/fahadghaffarpr.com\/es\/politica-de-privacidad\/\",\"name\":\"Pol\u00edtica de Privacidad - Fahad Ghaffar\",\"isPartOf\":{\"@id\":\"https:\/\/fahadghaffarpr.com\/es\/#website\"},\"datePublished\":\"2023-05-23T19:33:07+00:00\",\"dateModified\":\"2023-06-30T18:54:58+00:00\",\"breadcrumb\":{\"@id\":\"https:\/\/fahadghaffarpr.com\/es\/politica-de-privacidad\/#breadcrumb\"},\"inLanguage\":\"es\",\"potentialAction\":[{\"@type\":\"ReadAction\",\"target\":[\"https:\/\/fahadghaffarpr.com\/es\/politica-de-privacidad\/\"]}]},{\"@type\":\"BreadcrumbList\",\"@id\":\"https:\/\/fahadghaffarpr.com\/es\/politica-de-privacidad\/#breadcrumb\",\"itemListElement\":[{\"@type\":\"ListItem\",\"position\":1,\"name\":\"Home\",\"item\":\"https:\/\/fahadghaffarpr.com\/es\/\"},{\"@type\":\"ListItem\",\"position\":2,\"name\":\"Pol\u00edtica de Privacidad\"}]},{\"@type\":\"WebSite\",\"@id\":\"https:\/\/fahadghaffarpr.com\/es\/#website\",\"url\":\"https:\/\/fahadghaffarpr.com\/es\/\",\"name\":\"Fahad Ghaffar\",\"description\":\"Visionary Leader in Business and Social Impact\",\"potentialAction\":[{\"@type\":\"SearchAction\",\"target\":{\"@type\":\"EntryPoint\",\"urlTemplate\":\"https:\/\/fahadghaffarpr.com\/es\/?s={search_term_string}\"},\"query-input\":\"required name=search_term_string\"}],\"inLanguage\":\"es\"}]}<\/script>\n<!-- \/ Yoast SEO plugin. -->","yoast_head_json":{"title":"Pol\u00edtica de Privacidad - Fahad Ghaffar","robots":{"index":"index","follow":"follow","max-snippet":"max-snippet:-1","max-image-preview":"max-image-preview:large","max-video-preview":"max-video-preview:-1"},"canonical":"https:\/\/fahadghaffarpr.com\/es\/politica-de-privacidad\/","og_locale":"es_ES","og_type":"article","og_title":"Pol\u00edtica de Privacidad - Fahad Ghaffar","og_description":"\u00daltima actualizaci\u00f3n: 25 de mayo de 2023 Esta Pol\u00edtica de [&hellip;]","og_url":"https:\/\/fahadghaffarpr.com\/es\/politica-de-privacidad\/","og_site_name":"Fahad Ghaffar","article_modified_time":"2023-06-30T18:54:58+00:00","twitter_card":"summary_large_image","twitter_misc":{"Tiempo de lectura":"6 minutos"},"schema":{"@context":"https:\/\/schema.org","@graph":[{"@type":"WebPage","@id":"https:\/\/fahadghaffarpr.com\/es\/politica-de-privacidad\/","url":"https:\/\/fahadghaffarpr.com\/es\/politica-de-privacidad\/","name":"Pol\u00edtica de Privacidad - Fahad Ghaffar","isPartOf":{"@id":"https:\/\/fahadghaffarpr.com\/es\/#website"},"datePublished":"2023-05-23T19:33:07+00:00","dateModified":"2023-06-30T18:54:58+00:00","breadcrumb":{"@id":"https:\/\/fahadghaffarpr.com\/es\/politica-de-privacidad\/#breadcrumb"},"inLanguage":"es","potentialAction":[{"@type":"ReadAction","target":["https:\/\/fahadghaffarpr.com\/es\/politica-de-privacidad\/"]}]},{"@type":"BreadcrumbList","@id":"https:\/\/fahadghaffarpr.com\/es\/politica-de-privacidad\/#breadcrumb","itemListElement":[{"@type":"ListItem","position":1,"name":"Home","item":"https:\/\/fahadghaffarpr.com\/es\/"},{"@type":"ListItem","position":2,"name":"Pol\u00edtica de Privacidad"}]},{"@type":"WebSite","@id":"https:\/\/fahadghaffarpr.com\/es\/#website","url":"https:\/\/fahadghaffarpr.com\/es\/","name":"Fahad Ghaffar","description":"Visionary Leader in Business and Social Impact","potentialAction":[{"@type":"SearchAction","target":{"@type":"EntryPoint","urlTemplate":"https:\/\/fahadghaffarpr.com\/es\/?s={search_term_string}"},"query-input":"required name=search_term_string"}],"inLanguage":"es"}]}},"_links":{"self":[{"href":"https:\/\/fahadghaffarpr.com\/es\/wp-json\/wp\/v2\/pages\/264","targetHints":{"allow":["GET"]}}],"collection":[{"href":"https:\/\/fahadghaffarpr.com\/es\/wp-json\/wp\/v2\/pages"}],"about":[{"href":"https:\/\/fahadghaffarpr.com\/es\/wp-json\/wp\/v2\/types\/page"}],"author":[{"embeddable":true,"href":"https:\/\/fahadghaffarpr.com\/es\/wp-json\/wp\/v2\/users\/1"}],"replies":[{"embeddable":true,"href":"https:\/\/fahadghaffarpr.com\/es\/wp-json\/wp\/v2\/comments?post=264"}],"version-history":[{"count":0,"href":"https:\/\/fahadghaffarpr.com\/es\/wp-json\/wp\/v2\/pages\/264\/revisions"}],"wp:attachment":[{"href":"https:\/\/fahadghaffarpr.com\/es\/wp-json\/wp\/v2\/media?parent=264"}],"curies":[{"name":"wp","href":"https:\/\/api.w.org\/{rel}","templated":true}]}}